{"id":19,"date":"2022-03-30T14:24:35","date_gmt":"2022-03-30T14:24:35","guid":{"rendered":"https:\/\/zonebonheur.com\/?page_id=19"},"modified":"2022-04-21T20:35:49","modified_gmt":"2022-04-21T20:35:49","slug":"contact","status":"publish","type":"page","link":"https:\/\/zonebonheur.com\/?page_id=19","title":{"rendered":"CONTACT"},"content":{"rendered":"\n<div class=\"wp-block-group\"><div class=\"wp-block-group__inner-container is-layout-flow wp-block-group-is-layout-flow\">\n<div class=\"wp-block-columns is-layout-flex wp-container-core-columns-is-layout-9d6595d7 wp-block-columns-is-layout-flex\">\n<div class=\"wp-block-column is-layout-flow wp-block-column-is-layout-flow\" style=\"flex-basis:100%\"><\/div>\n<\/div>\n<\/div><\/div>\n\n\n\n<div class=\"wp-block-columns are-vertically-aligned-center is-layout-flex wp-container-core-columns-is-layout-9d6595d7 wp-block-columns-is-layout-flex\">\n<div class=\"wp-block-column is-vertically-aligned-center is-layout-flow wp-block-column-is-layout-flow\">\n<div class=\"wp-block-group\"><div class=\"wp-block-group__inner-container is-layout-flow wp-block-group-is-layout-flow\">\n<figure class=\"wp-block-image size-full is-resized\"><img loading=\"lazy\" decoding=\"async\" src=\"https:\/\/zonebonheur.com\/wp-content\/uploads\/2022\/04\/LOGO-photo523-1.jpg\" alt=\"\" class=\"wp-image-87\" width=\"366\" height=\"366\" srcset=\"https:\/\/zonebonheur.com\/wp-content\/uploads\/2022\/04\/LOGO-photo523-1.jpg 720w, https:\/\/zonebonheur.com\/wp-content\/uploads\/2022\/04\/LOGO-photo523-1-300x300.jpg 300w, https:\/\/zonebonheur.com\/wp-content\/uploads\/2022\/04\/LOGO-photo523-1-150x150.jpg 150w, https:\/\/zonebonheur.com\/wp-content\/uploads\/2022\/04\/LOGO-photo523-1-90x90.jpg 90w, https:\/\/zonebonheur.com\/wp-content\/uploads\/2022\/04\/LOGO-photo523-1-570x570.jpg 570w, https:\/\/zonebonheur.com\/wp-content\/uploads\/2022\/04\/LOGO-photo523-1-380x380.jpg 380w, https:\/\/zonebonheur.com\/wp-content\/uploads\/2022\/04\/LOGO-photo523-1-285x285.jpg 285w\" sizes=\"auto, (max-width: 366px) 100vw, 366px\" \/><\/figure>\n<\/div><\/div>\n<\/div>\n\n\n\n<div class=\"wp-block-column is-vertically-aligned-center is-layout-flow wp-block-column-is-layout-flow\">\n<h1 class=\"wp-block-heading\"><strong>Jos\u00e9e Dion<\/strong><\/h1>\n\n\n\n<p class=\"has-text-align-left\">Coach en d\u00e9veloppement de potentiel humain<br>T\u00e9l\u00e9phone: 514.409.0309<br>Courriel: <a rel=\"noreferrer noopener\" href=\"mailto:josee@zonebonheur.com\" target=\"_blank\">josee@zonebonheur.com<\/a><br>Site web: <a rel=\"noreferrer noopener\" href=\"http:\/\/zonebonheur.com\/\" target=\"_blank\">zonebonheur.com<\/a><br>FB <a href=\"https:\/\/www.facebook.com\/joseezonebonheur\">https:\/\/www.facebook.com\/joseezonebonheur<\/a><br>LinkedIn: <a rel=\"noreferrer noopener\" href=\"https:\/\/www.linkedin.com\/in\/joseezonebonheur\" target=\"_blank\">https:\/\/www.linkedin.com\/in\/joseezonebonheur<\/a><\/p>\n<\/div>\n<\/div>\n\n\n\n<h2 class=\"wp-block-heading\">TU AIMERAIS INT\u00c9GRER PLUS DE PLAISIR ET DE DOUCEUR DANS TA VIE?<\/h2>\n\n\n\n<p>Abonne-toi \u00e0 mon infolettre o\u00f9 je transmets des trucs, des conseils pour faire en sorte d\u2019apporter un peu de bien-\u00eatre et de petits bonheurs dans la vie de tous les jours. Sois sans crainte, je ne te submergerai pas de courriels!<\/p>\n\n\n\n<div class=\"wpforms-container wpforms-container-full\" id=\"wpforms-150\"><form id=\"wpforms-form-150\" class=\"wpforms-validate wpforms-form wpforms-ajax-form\" data-formid=\"150\" method=\"post\" enctype=\"multipart\/form-data\" action=\"\/index.php?rest_route=%2Fwp%2Fv2%2Fpages%2F19\" data-token=\"1cbbc4c179bb592f6deba4f06580df35\" data-token-time=\"1778415266\"><noscript class=\"wpforms-error-noscript\">Please enable JavaScript in your browser to complete this form.<\/noscript><div class=\"wpforms-field-container\"><div id=\"wpforms-150-field_0-container\" class=\"wpforms-field wpforms-field-name\" data-field-id=\"0\"><label class=\"wpforms-field-label\" for=\"wpforms-150-field_0\">Nom et pr\u00e9nom <span class=\"wpforms-required-label\">*<\/span><\/label><input type=\"text\" id=\"wpforms-150-field_0\" class=\"wpforms-field-medium wpforms-field-required\" name=\"wpforms[fields][0]\" required><\/div><div id=\"wpforms-150-field_1-container\" class=\"wpforms-field wpforms-field-email\" data-field-id=\"1\"><label class=\"wpforms-field-label\" for=\"wpforms-150-field_1\">Email <span class=\"wpforms-required-label\">*<\/span><\/label><input type=\"email\" id=\"wpforms-150-field_1\" class=\"wpforms-field-medium wpforms-field-required\" name=\"wpforms[fields][1]\" spellcheck=\"false\" required><\/div><\/div><!-- .wpforms-field-container --><div class=\"wpforms-submit-container\" ><input type=\"hidden\" name=\"wpforms[id]\" value=\"150\"><input type=\"hidden\" name=\"page_title\" value=\"\"><input type=\"hidden\" name=\"page_url\" value=\"https:\/\/zonebonheur.com\/index.php?rest_route=\/wp\/v2\/pages\/19\"><input type=\"hidden\" name=\"url_referer\" value=\"\"><button type=\"submit\" name=\"wpforms[submit]\" id=\"wpforms-submit-150\" class=\"wpforms-submit\" data-alt-text=\"Envoi...\" data-submit-text=\"Soumettre\" aria-live=\"assertive\" value=\"wpforms-submit\">Soumettre<\/button><img loading=\"lazy\" decoding=\"async\" src=\"https:\/\/zonebonheur.com\/wp-content\/plugins\/wpforms-lite\/assets\/images\/submit-spin.svg\" class=\"wpforms-submit-spinner\" style=\"display: none;\" width=\"26\" height=\"26\" alt=\"Loading\"><\/div><\/form><\/div>  <!-- .wpforms-container -->\n","protected":false},"excerpt":{"rendered":"<p>Jos\u00e9e Dion Coach en d\u00e9veloppement de potentiel humainT\u00e9l\u00e9phone: 514.409.0309Courriel: josee@zonebonheur.comSite web: zonebonheur.comFB https:\/\/www.facebook.com\/joseezonebonheurLinkedIn: https:\/\/www.linkedin.com\/in\/joseezonebonheur TU AIMERAIS INT\u00c9GRER PLUS DE PLAISIR ET DE DOUCEUR DANS TA VIE? Abonne-toi \u00e0 mon infolettre o\u00f9 je transmets des trucs, des conseils pour faire en sorte d\u2019apporter un peu de bien-\u00eatre et de petits bonheurs dans la vie de tous<span class=\"post-excerpt-end\">&hellip;<\/span><\/p>\n<p class=\"more-link\"><a href=\"https:\/\/zonebonheur.com\/?page_id=19\" class=\"themebutton\">Read More<\/a><\/p>\n","protected":false},"author":1,"featured_media":0,"parent":0,"menu_order":0,"comment_status":"closed","ping_status":"closed","template":"","meta":{"footnotes":""},"categories":[],"tags":[],"class_list":["post-19","page","type-page","status-publish","hentry"],"_links":{"self":[{"href":"https:\/\/zonebonheur.com\/index.php?rest_route=\/wp\/v2\/pages\/19","targetHints":{"allow":["GET"]}}],"collection":[{"href":"https:\/\/zonebonheur.com\/index.php?rest_route=\/wp\/v2\/pages"}],"about":[{"href":"https:\/\/zonebonheur.com\/index.php?rest_route=\/wp\/v2\/types\/page"}],"author":[{"embeddable":true,"href":"https:\/\/zonebonheur.com\/index.php?rest_route=\/wp\/v2\/users\/1"}],"replies":[{"embeddable":true,"href":"https:\/\/zonebonheur.com\/index.php?rest_route=%2Fwp%2Fv2%2Fcomments&post=19"}],"version-history":[{"count":22,"href":"https:\/\/zonebonheur.com\/index.php?rest_route=\/wp\/v2\/pages\/19\/revisions"}],"predecessor-version":[{"id":157,"href":"https:\/\/zonebonheur.com\/index.php?rest_route=\/wp\/v2\/pages\/19\/revisions\/157"}],"wp:attachment":[{"href":"https:\/\/zonebonheur.com\/index.php?rest_route=%2Fwp%2Fv2%2Fmedia&parent=19"}],"wp:term":[{"taxonomy":"category","embeddable":true,"href":"https:\/\/zonebonheur.com\/index.php?rest_route=%2Fwp%2Fv2%2Fcategories&post=19"},{"taxonomy":"post_tag","embeddable":true,"href":"https:\/\/zonebonheur.com\/index.php?rest_route=%2Fwp%2Fv2%2Ftags&post=19"}],"curies":[{"name":"wp","href":"https:\/\/api.w.org\/{rel}","templated":true}]}}