{"id":21,"date":"2022-03-30T14:25:39","date_gmt":"2022-03-30T14:25:39","guid":{"rendered":"https:\/\/zonebonheur.com\/?page_id=21"},"modified":"2022-04-14T20:25:34","modified_gmt":"2022-04-14T20:25:34","slug":"temoignages","status":"publish","type":"page","link":"https:\/\/zonebonheur.com\/?page_id=21","title":{"rendered":"T\u00c9MOIGNAGES"},"content":{"rendered":"\n<p><em><em>\u00ab <\/em>Jos\u00e9e Dion m\u2019a accompagn\u00e9 dans une p\u00e9riode difficile d\u2019arr\u00eat de travail. Elle m\u2019a d\u2019une part aid\u00e9 \u00e0 \u00ab man\u0153uvrer \u00bb dans la complexit\u00e9 des diff\u00e9rentes \u00e9tapes de l\u2019assurance invalidit\u00e9 en plus de m\u2019aider dans ma r\u00e9flexion sur les prochaines \u00e9tapes (Retour, retraite \u00e9ventuelle, r\u00e9orientation). Ses expertises en ressources humaines, transition de carri\u00e8re et gestion du stress se sont av\u00e9r\u00e9es tr\u00e8s utiles, le tout dans l\u2019humour et la bienveillance. \u00bb  -S.C.<\/em><\/p>\n\n\n\n<figure class=\"wp-block-image size-full is-resized\"><img loading=\"lazy\" decoding=\"async\" src=\"https:\/\/zonebonheur.com\/wp-content\/uploads\/2022\/04\/Screen-Shot-2022-04-12-at-10.11.50-AM.png\" alt=\"\" class=\"wp-image-53\" width=\"147\" height=\"22\"\/><\/figure>\n\n\n\n<p><em>\u00ab Vivant des crises de panique \u00e0 r\u00e9p\u00e9tition et \u00e9tant rendu \u00e0 une p\u00e9riode de ma vie o\u00f9 m\u00eame aller faire l\u2019\u00e9picerie me faisait paniquer, une de mes coll\u00e8gues m\u2019a parl\u00e9 des techniques de respiration que Jos\u00e9e offrait. Apr\u00e8s seulement deux sessions j\u2019ai pu retrouver le contr\u00f4le de ma vie et je sais maintenant quoi faire lorsque je sens l\u2019angoisse monter en moi. \u00bb  -E.L.<\/em><\/p>\n\n\n\n<figure class=\"wp-block-image size-full is-resized\"><img loading=\"lazy\" decoding=\"async\" src=\"https:\/\/zonebonheur.com\/wp-content\/uploads\/2022\/04\/Screen-Shot-2022-04-12-at-10.11.50-AM.png\" alt=\"\" class=\"wp-image-53\" width=\"147\" height=\"22\"\/><\/figure>\n\n\n\n<p><em>\u00ab\u00a0Il est rare de rencontrer une professionnelle comme Jos\u00e9e. \u00a0Gr\u00e2ce \u00e0 son expertise, ses vastes comp\u00e9tences et son \u00e9coute, Jos\u00e9e m\u2019a judicieusement conseill\u00e9 dans la dynamisation de mon curriculum vitae. Par le choix des mots et de mes r\u00e9alisations professionnelles, mon curriculum vitae v\u00e9hicule maintenant mon image professionnelle et \u00e0 valeur ajout\u00e9e pour une organisation.\u00a0\u00bb  -C.R.<\/em><\/p>\n","protected":false},"excerpt":{"rendered":"<p>\u00ab Jos\u00e9e Dion m\u2019a accompagn\u00e9 dans une p\u00e9riode difficile d\u2019arr\u00eat de travail. Elle m\u2019a d\u2019une part aid\u00e9 \u00e0 \u00ab man\u0153uvrer \u00bb dans la complexit\u00e9 des diff\u00e9rentes \u00e9tapes de l\u2019assurance invalidit\u00e9 en plus de m\u2019aider dans ma r\u00e9flexion sur les prochaines \u00e9tapes (Retour, retraite \u00e9ventuelle, r\u00e9orientation). Ses expertises en ressources humaines, transition de carri\u00e8re et gestion<span class=\"post-excerpt-end\">&hellip;<\/span><\/p>\n<p class=\"more-link\"><a href=\"https:\/\/zonebonheur.com\/?page_id=21\" class=\"themebutton\">Read More<\/a><\/p>\n","protected":false},"author":1,"featured_media":0,"parent":0,"menu_order":0,"comment_status":"closed","ping_status":"closed","template":"","meta":{"footnotes":""},"categories":[],"tags":[],"class_list":["post-21","page","type-page","status-publish","hentry"],"_links":{"self":[{"href":"https:\/\/zonebonheur.com\/index.php?rest_route=\/wp\/v2\/pages\/21","targetHints":{"allow":["GET"]}}],"collection":[{"href":"https:\/\/zonebonheur.com\/index.php?rest_route=\/wp\/v2\/pages"}],"about":[{"href":"https:\/\/zonebonheur.com\/index.php?rest_route=\/wp\/v2\/types\/page"}],"author":[{"embeddable":true,"href":"https:\/\/zonebonheur.com\/index.php?rest_route=\/wp\/v2\/users\/1"}],"replies":[{"embeddable":true,"href":"https:\/\/zonebonheur.com\/index.php?rest_route=%2Fwp%2Fv2%2Fcomments&post=21"}],"version-history":[{"count":11,"href":"https:\/\/zonebonheur.com\/index.php?rest_route=\/wp\/v2\/pages\/21\/revisions"}],"predecessor-version":[{"id":133,"href":"https:\/\/zonebonheur.com\/index.php?rest_route=\/wp\/v2\/pages\/21\/revisions\/133"}],"wp:attachment":[{"href":"https:\/\/zonebonheur.com\/index.php?rest_route=%2Fwp%2Fv2%2Fmedia&parent=21"}],"wp:term":[{"taxonomy":"category","embeddable":true,"href":"https:\/\/zonebonheur.com\/index.php?rest_route=%2Fwp%2Fv2%2Fcategories&post=21"},{"taxonomy":"post_tag","embeddable":true,"href":"https:\/\/zonebonheur.com\/index.php?rest_route=%2Fwp%2Fv2%2Ftags&post=21"}],"curies":[{"name":"wp","href":"https:\/\/api.w.org\/{rel}","templated":true}]}}