{"id":7,"date":"2022-03-30T14:09:04","date_gmt":"2022-03-30T14:09:04","guid":{"rendered":"https:\/\/zonebonheur.com\/?page_id=7"},"modified":"2022-03-31T22:00:05","modified_gmt":"2022-03-31T22:00:05","slug":"enseigner-le-bonheur-mais-pourquoi-pas","status":"publish","type":"page","link":"https:\/\/zonebonheur.com\/","title":{"rendered":"BIENVENUE"},"content":{"rendered":"\n<h2 class=\"wp-block-heading\">ENSEIGNER LE BONHEUR? MAIS POURQUOI PAS?<\/h2>\n\n\n\n<p><em>Le plus beau des courages est celui d\u2019\u00eatre heureux (Philippe Sollers) &#8211; \u00e9crivain<\/em><\/p>\n\n\n\n<p>C\u2019est ce que je me suis dit \u00e0 un moment donn\u00e9 dans ma vie<em>.&nbsp;<\/em>Grand d\u00e9fi me direz-vous? Humilit\u00e9 d\u00e9ficiente de ma part? peut-\u00eatre\u2026. Mais \u00ab&nbsp;<em>comme on enseigne toujours ce qu\u2019on a le plus besoin d\u2019apprendre, j\u2019\u00e9tais la personne toute d\u00e9sign\u00e9e pour le faire.&nbsp;\u00bb<\/em><\/p>\n\n\n\n<p>En fait je suis comme une majorit\u00e9 de gens; je vis des p\u00e9riodes plus difficiles, de questionnements, de remises en question, mais aussi des grands moments de joie, de plaisir, de bonheur. Et tout \u00e7a me questionne beaucoup\u2026 Eh oui! le bonheur existe! Il suffit de vivre un tr\u00e8s grand malheur pour comprendre ce que peut repr\u00e9senter le bonheur et son contraste! Sans le bonheur, la vie ne vaut pas la peine d\u2019\u00eatre v\u00e9cue! Mais il n\u2019est pas facile de parler du bonheur! subtile, complexe et galvaud\u00e9e! On joue beaucoup sur le registre du bonheur dans la publicit\u00e9! On nous promet le bonheur gr\u00e2ce \u00e0 un objet convoit\u00e9, \u00e0 la performance quand on sait tr\u00e8s bien que cela touche \u00e0 d\u2019autres notions telles que la sant\u00e9, nos relations interpersonnelles, bref ne provenant pas de l\u2019ext\u00e9rieur.<\/p>\n\n\n\n<p>Saviez-vous que la qu\u00eate du bonheur date d\u2019aussi loin de l\u2019antiquit\u00e9 par la philosophie grecque? Et par la suite revient en force avec les r\u00e9volutions fran\u00e7aise et am\u00e9ricaine dont cette derni\u00e8re l\u2019inscrit dans sa 1<sup>\u00e8re&nbsp;<\/sup>constitution sous forme de trois droits&nbsp;: droit \u00e0 la vie, \u00e0 la libert\u00e9 et droit \u00e0 la poursuite du bonheur. Donc de cr\u00e9er les conditions sociales pour que les citoyens puissent \u00eatre heureux.&nbsp;<\/p>\n\n\n\n<p>Curieuse et motiv\u00e9e \u00e0 favoriser le bonheur en moi et autour de moi, ma mission de vie se r\u00e9sume en quelques mots! Transmettre et contribuer \u00e0 un monde meilleur! Ma passion? Favoriser l\u2019apprentissage dans le plaisir! Et si \u00e0 chaque jour je ne peux faire qu\u2019une seule diff\u00e9rence dans la vie d\u2019une personne pour qu\u2019elle go\u00fbte \u00e0 tant soit peu \u00e0 une parcelle de bonheur, j\u2019aurai atteint mon but!<\/p>\n","protected":false},"excerpt":{"rendered":"<p>ENSEIGNER LE BONHEUR? MAIS POURQUOI PAS? Le plus beau des courages est celui d\u2019\u00eatre heureux (Philippe Sollers) &#8211; \u00e9crivain C\u2019est ce que je me suis dit \u00e0 un moment donn\u00e9 dans ma vie.&nbsp;Grand d\u00e9fi me direz-vous? Humilit\u00e9 d\u00e9ficiente de ma part? peut-\u00eatre\u2026. Mais \u00ab&nbsp;comme on enseigne toujours ce qu\u2019on a le plus besoin d\u2019apprendre, j\u2019\u00e9tais<span class=\"post-excerpt-end\">&hellip;<\/span><\/p>\n<p class=\"more-link\"><a href=\"https:\/\/zonebonheur.com\/\" class=\"themebutton\">Read More<\/a><\/p>\n","protected":false},"author":1,"featured_media":0,"parent":0,"menu_order":0,"comment_status":"closed","ping_status":"closed","template":"","meta":{"footnotes":""},"categories":[],"tags":[],"class_list":["post-7","page","type-page","status-publish","hentry"],"_links":{"self":[{"href":"https:\/\/zonebonheur.com\/index.php?rest_route=\/wp\/v2\/pages\/7","targetHints":{"allow":["GET"]}}],"collection":[{"href":"https:\/\/zonebonheur.com\/index.php?rest_route=\/wp\/v2\/pages"}],"about":[{"href":"https:\/\/zonebonheur.com\/index.php?rest_route=\/wp\/v2\/types\/page"}],"author":[{"embeddable":true,"href":"https:\/\/zonebonheur.com\/index.php?rest_route=\/wp\/v2\/users\/1"}],"replies":[{"embeddable":true,"href":"https:\/\/zonebonheur.com\/index.php?rest_route=%2Fwp%2Fv2%2Fcomments&post=7"}],"version-history":[{"count":2,"href":"https:\/\/zonebonheur.com\/index.php?rest_route=\/wp\/v2\/pages\/7\/revisions"}],"predecessor-version":[{"id":28,"href":"https:\/\/zonebonheur.com\/index.php?rest_route=\/wp\/v2\/pages\/7\/revisions\/28"}],"wp:attachment":[{"href":"https:\/\/zonebonheur.com\/index.php?rest_route=%2Fwp%2Fv2%2Fmedia&parent=7"}],"wp:term":[{"taxonomy":"category","embeddable":true,"href":"https:\/\/zonebonheur.com\/index.php?rest_route=%2Fwp%2Fv2%2Fcategories&post=7"},{"taxonomy":"post_tag","embeddable":true,"href":"https:\/\/zonebonheur.com\/index.php?rest_route=%2Fwp%2Fv2%2Ftags&post=7"}],"curies":[{"name":"wp","href":"https:\/\/api.w.org\/{rel}","templated":true}]}}